{"id":159,"date":"2025-10-18T23:27:38","date_gmt":"2025-10-19T05:27:38","guid":{"rendered":"https:\/\/ticket2me.shop\/?page_id=159"},"modified":"2025-10-26T20:50:09","modified_gmt":"2025-10-27T02:50:09","slug":"quienes-somos-2","status":"publish","type":"page","link":"https:\/\/ticket2me.shop\/index.php\/quienes-somos-2\/","title":{"rendered":"Quienes somos?"},"content":{"rendered":"<p><img loading=\"lazy\" decoding=\"async\" class=\"alignnone size-medium wp-image-29 aligncenter\" src=\"https:\/\/ticket2me.shop\/wp-content\/uploads\/2025\/10\/Diseno-sin-titulo-3-300x300.png\" alt=\"\" width=\"300\" height=\"300\" srcset=\"https:\/\/ticket2me.shop\/wp-content\/uploads\/2025\/10\/Diseno-sin-titulo-3-300x300.png 300w, https:\/\/ticket2me.shop\/wp-content\/uploads\/2025\/10\/Diseno-sin-titulo-3-150x150.png 150w, https:\/\/ticket2me.shop\/wp-content\/uploads\/2025\/10\/Diseno-sin-titulo-3-100x100.png 100w, https:\/\/ticket2me.shop\/wp-content\/uploads\/2025\/10\/Diseno-sin-titulo-3.png 512w\" sizes=\"auto, (max-width: 300px) 100vw, 300px\" \/><\/p>\n<p>En Ticket2me.shop simplificamos la forma en que se organizan y disfrutan los eventos. Somos una plataforma especializada en la venta de boletos electr\u00f3nicos con c\u00f3digo QR, dise\u00f1ada para facilitar la log\u00edstica de conciertos, conferencias, eventos deportivos y experiencias virtuales.<\/p>\n<p>Nuestro objetivo es brindar a organizadores y asistentes una soluci\u00f3n \u00e1gil, segura y sin complicaciones, eliminando el papel y optimizando el acceso. Con Ticket2me.shop, tus eventos fluyen mejor desde el primer clic hasta el \u00faltimo aplauso.<\/p>\n","protected":false},"excerpt":{"rendered":"<p>En Ticket2me.shop simplificamos la forma en que se organizan y disfrutan los eventos. Somos una plataforma especializada en la venta de boletos electr\u00f3nicos con c\u00f3digo QR, dise\u00f1ada para facilitar la<\/p>\n<p class=\"more-link\"><a class=\"button\" href=\"https:\/\/ticket2me.shop\/index.php\/quienes-somos-2\/\" class=\"readmore\">Seguir leyendo<span class=\"screen-reader-text\">Quienes somos?<\/span><\/a><\/p>\n","protected":false},"author":1,"featured_media":0,"parent":0,"menu_order":0,"comment_status":"closed","ping_status":"closed","template":"","meta":{"footnotes":""},"class_list":["post-159","page","type-page","status-publish","hentry"],"_links":{"self":[{"href":"https:\/\/ticket2me.shop\/index.php\/wp-json\/wp\/v2\/pages\/159","targetHints":{"allow":["GET"]}}],"collection":[{"href":"https:\/\/ticket2me.shop\/index.php\/wp-json\/wp\/v2\/pages"}],"about":[{"href":"https:\/\/ticket2me.shop\/index.php\/wp-json\/wp\/v2\/types\/page"}],"author":[{"embeddable":true,"href":"https:\/\/ticket2me.shop\/index.php\/wp-json\/wp\/v2\/users\/1"}],"replies":[{"embeddable":true,"href":"https:\/\/ticket2me.shop\/index.php\/wp-json\/wp\/v2\/comments?post=159"}],"version-history":[{"count":2,"href":"https:\/\/ticket2me.shop\/index.php\/wp-json\/wp\/v2\/pages\/159\/revisions"}],"predecessor-version":[{"id":192,"href":"https:\/\/ticket2me.shop\/index.php\/wp-json\/wp\/v2\/pages\/159\/revisions\/192"}],"wp:attachment":[{"href":"https:\/\/ticket2me.shop\/index.php\/wp-json\/wp\/v2\/media?parent=159"}],"curies":[{"name":"wp","href":"https:\/\/api.w.org\/{rel}","templated":true}]}}